{"id":34,"date":"2024-11-03T11:31:39","date_gmt":"2024-11-03T11:31:39","guid":{"rendered":"https:\/\/rzkconcessoes.com.br\/desenvolvimento\/?page_id=34"},"modified":"2024-11-06T12:51:16","modified_gmt":"2024-11-06T12:51:16","slug":"quem-somos","status":"publish","type":"page","link":"https:\/\/rzkconcessoes.com.br\/desenvolvimento\/quem-somos\/","title":{"rendered":"Quem somos"},"content":{"rendered":"\n<p class=\"\">A <a href=\"http:\/\/localhost:8888\/RZKConcessoes\/\" data-type=\"page\" data-id=\"18\">RZK Concess\u00f5es<\/a>, tem como objetivo dinamizar, simplificar e melhorar a qualidade de servi\u00e7os p\u00fablicos, proporcionando mais bem-estar aos usu\u00e1rios e economia financeira aos cofres p\u00fablicos, por meio de uma gest\u00e3o eficiente dos recursos.<\/p>\n\n\n\n<p class=\"\">Entre seus principais projetos est\u00e1 a Pra\u00e7a Unitah, que det\u00e9m a concess\u00e3o da loca\u00e7\u00e3o de espa\u00e7os comerciais em terminais urbanos ligados \u00e0s linhas Azul, Vermelha do Metr\u00f4 em S\u00e3o Paulo. Entre suas atribui\u00e7\u00f5es est\u00e1 a revitaliza\u00e7\u00e3o dos terminais, incluindo atividades de zeladoria, reforma, seguran\u00e7a, limpeza, manuten\u00e7\u00e3o e paisagismo.<\/p>\n\n\n\n<p class=\"\">A RZK Concess\u00f5es, det\u00e9m tamb\u00e9m a concess\u00e3o das linhas 1 Azul e 3 Verde do Metr\u00f4 de S\u00e3o Paulo, realizando a gest\u00e3o de espa\u00e7os comerciais dentro das esta\u00e7\u00f5es.<\/p>\n\n\n\n<h2 class=\"rzk-title-h2 wp-block-heading\">RZK Concess\u00f5es \u00e9 uma empresa do Grupo RZK<\/h2>\n\n\n\n<!-- Generated by ai2html v0.102.1 - 2024-10-14 14:15 -->\n<!-- ai file: timeline.ai -->\n<style media=\"screen,print\">\n\t#g-timeline-box {\n\t\tmax-width:1240px;\n\t}\n\t#g-timeline-box ,\n\t#g-timeline-box .g-artboard {\n\t\tmargin:0 auto;\n\t}\n\t#g-timeline-box p {\n\t\tmargin:0;\n\t}\n\t#g-timeline-box .g-aiAbs {\n\t\tposition:absolute;\n\t}\n\t#g-timeline-box .g-aiImg {\n\t\tposition:absolute;\n\t\ttop:0;\n\t\tdisplay:block;\n\t\twidth:100% !important;\n\t}\n\t#g-timeline-box .g-aiSymbol {\n\t\tposition: absolute;\n\t\tbox-sizing: border-box;\n\t}\n\t#g-timeline-box .g-aiPointText p { white-space: nowrap; }\n\t#g-timeline-mobile {\n\t\tposition:relative;\n\t\toverflow:hidden;\n\t}\n\t#g-timeline-mobile p {\n\t\tfont-weight:500;\n\t\tline-height:27px;\n\t\theight:auto;\n\t\tfilter:alpha(opacity=100);\n\t\t-ms-filter:progid:DXImageTransform.Microsoft.Alpha(Opacity=100);\n\t\topacity:1;\n\t\tletter-spacing:0em;\n\t\tfont-size:20px;\n\t\ttext-align:left;\n\t\tcolor:rgb(0,0,0);\n\t\ttext-transform:none;\n\t\tpadding-bottom:0;\n\t\tpadding-top:0;\n\t\tmix-blend-mode:normal;\n\t\tfont-style:normal;\n\t\tposition:static;\n\t}\n\t#g-timeline-mobile .g-pstyle0 {\n\t\tfont-weight:700;\n\t\theight:27px;\n\t\tfont-size:22px;\n\t\tcolor:rgb(255,255,255);\n\t}\n\t#g-timeline-mobile .g-pstyle1 {\n\t\theight:27px;\n\t}\n\t#g-timeline-tablet {\n\t\tposition:relative;\n\t\toverflow:hidden;\n\t}\n\t#g-timeline-tablet p {\n\t\tfont-weight:500;\n\t\tline-height:27px;\n\t\theight:auto;\n\t\tfilter:alpha(opacity=100);\n\t\t-ms-filter:progid:DXImageTransform.Microsoft.Alpha(Opacity=100);\n\t\topacity:1;\n\t\tletter-spacing:0em;\n\t\tfont-size:20px;\n\t\ttext-align:left;\n\t\tcolor:rgb(0,0,0);\n\t\ttext-transform:none;\n\t\tpadding-bottom:0;\n\t\tpadding-top:0;\n\t\tmix-blend-mode:normal;\n\t\tfont-style:normal;\n\t\tposition:static;\n\t}\n\t#g-timeline-tablet .g-pstyle0 {\n\t\tfont-weight:700;\n\t\theight:27px;\n\t\tfont-size:22px;\n\t\tcolor:rgb(255,255,255);\n\t}\n\t#g-timeline-tablet .g-pstyle1 {\n\t\theight:27px;\n\t}\n\t#g-timeline-desktop {\n\t\tposition:relative;\n\t\toverflow:hidden;\n\t}\n\t#g-timeline-desktop p {\n\t\tfont-weight:500;\n\t\tline-height:27px;\n\t\theight:auto;\n\t\tfilter:alpha(opacity=100);\n\t\t-ms-filter:progid:DXImageTransform.Microsoft.Alpha(Opacity=100);\n\t\topacity:1;\n\t\tletter-spacing:0em;\n\t\tfont-size:20px;\n\t\ttext-align:left;\n\t\tcolor:rgb(0,0,0);\n\t\ttext-transform:none;\n\t\tpadding-bottom:0;\n\t\tpadding-top:0;\n\t\tmix-blend-mode:normal;\n\t\tfont-style:normal;\n\t\tposition:static;\n\t}\n\t#g-timeline-desktop .g-pstyle0 {\n\t\tfont-weight:700;\n\t\theight:27px;\n\t\tfont-size:22px;\n\t\tcolor:rgb(255,255,255);\n\t}\n\t#g-timeline-desktop .g-pstyle1 {\n\t\theight:27px;\n\t}\n\n\t\/* Custom CSS *\/\n\t\/*CSS media queries to show different content at different screen widths*\/\n\t#g-timeline-mobile {\n    \tdisplay: block; \/*Show the mobile version by default*\/\n  \t}\n  \t#g-timeline-tablet, #g-timeline-desktop {\n    \tdisplay: none; \/*Hide the tablet and desktop versions*\/\n  \t}\n  \t@media (min-width: 700px) {\n    \t#g-timeline-tablet {\n    \t\tdisplay: block; \/*Show the tablet version once screen width hits 700px*\/\n  \t\t}\n    \t#g-timeline-mobile, #g-timeline-desktop {\n      \t\tdisplay: none; \/*Hide the mobile and desktop versions*\/\n    \t}\n  \t}\n\t@media (min-width: 1000px) {\n\t\t#g-timeline-desktop {\n      \t\tdisplay: block; \/*Show the desktop version once screen width hits 1000px*\/\n    \t}\n    \t#g-timeline-mobile, #g-timeline-tablet {\n      \t\tdisplay: none; \/*Hide the mobile and tablet versions*\/\n    \t}    \t\n  \t}\n  \t\/*End CSS media queries*\/\n\n<\/style>\n\n<div id=\"g-timeline-box\" class=\"ai2html\">\n\n\t<!-- Artboard: mobile -->\n\t<div id=\"g-timeline-mobile\" class=\"g-artboard\" style=\"max-width: 318px;max-height: 1193px\" data-aspect-ratio=\"0.267\" data-min-width=\"0\" data-max-width=\"519\">\n<div style=\"padding: 0 0 375.2069% 0;\"><\/div>\n\t\t<img data-recalc-dims=\"1\" decoding=\"async\" id=\"g-timeline-mobile-img\" class=\"g-aiImg\" alt=\"\" src=\"https:\/\/i0.wp.com\/rzkconcessoes.com.br\/desenvolvimento\/wp-content\/themes\/RZKConcessoes\/ai2html\/quem-somos\/ai2html-output\/timeline-mobile.png?ssl=1\"\/>\n\t\t<div id=\"g-ai0-1\" class=\"g-ai2html-settings g-aiAbs g-aiPointText\" style=\"top:10.1224%;margin-top:-14.8px;left:24.8574%;width:96px;\">\n\t\t\t<p class=\"g-pstyle0\">Set\/49<\/p>\n\t\t<\/div>\n\t\t<div id=\"g-ai0-2\" class=\"g-ai2html-settings g-aiAbs g-aiPointText\" style=\"top:21.4842%;margin-top:-107.3px;left:18.7063%;width:270px;\">\n\t\t\t<p class=\"g-pstyle1\">Concess\u00e3o para <\/p>\n\t\t\t<p class=\"g-pstyle1\">explora\u00e7\u00e3o  comercial <\/p>\n\t\t\t<p class=\"g-pstyle1\">por 30 anos de 13 <\/p>\n\t\t\t<p class=\"g-pstyle1\">terminais urbanos do <\/p>\n\t\t\t<p class=\"g-pstyle1\">Metr\u00f4 de SP nas linhas <\/p>\n\t\t\t<p class=\"g-pstyle1\">Azul (4)  e Vermelha (9). <\/p>\n\t\t\t<p class=\"g-pstyle1\">Opera Pra\u00e7as Unitah e <\/p>\n\t\t\t<p class=\"g-pstyle1\">os projetos edific\u00e1veis (7)<\/p>\n\t\t<\/div>\n\t\t<div id=\"g-ai0-3\" class=\"g-ai2html-settings g-aiAbs g-aiPointText\" style=\"top:40.2107%;margin-top:-14.8px;left:24.8574%;width:102px;\">\n\t\t\t<p class=\"g-pstyle0\">Out\/50<\/p>\n\t\t<\/div>\n\t\t<div id=\"g-ai0-4\" class=\"g-ai2html-settings g-aiAbs g-aiPointText\" style=\"top:48.2409%;margin-top:-67.6px;left:18.7063%;width:279px;\">\n\t\t\t<p class=\"g-pstyle1\">Concess\u00e3o para  <\/p>\n\t\t\t<p class=\"g-pstyle1\">explora\u00e7\u00e3o comercial por <\/p>\n\t\t\t<p class=\"g-pstyle1\">30 anos das 14 esta\u00e7\u00f5es <\/p>\n\t\t\t<p class=\"g-pstyle1\">da linha 2 Verde  <\/p>\n\t\t\t<p class=\"g-pstyle1\">do Metr\u00f4 de SP<\/p>\n\t\t<\/div>\n\t\t<div id=\"g-ai0-5\" class=\"g-ai2html-settings g-aiAbs g-aiPointText\" style=\"top:63.4264%;margin-top:-14.8px;left:24.1582%;width:97px;\">\n\t\t\t<p class=\"g-pstyle0\">Fev\/52<\/p>\n\t\t<\/div>\n\t\t<div id=\"g-ai0-6\" class=\"g-ai2html-settings g-aiAbs\" style=\"top:65.7918%;left:18.007%;width:81.4465%;\">\n\t\t\t<p>Concess\u00e3o para explora\u00e7\u00e3o comercial por <\/p>\n\t\t\t<p>30 anos das 19 esta\u00e7\u00f5es  da linha 1 Azul do Metr\u00f4 de SP<\/p>\n\t\t<\/div>\n\t\t<div id=\"g-ai0-7\" class=\"g-ai2html-settings g-aiAbs g-aiPointText\" style=\"top:80.9429%;margin-top:-14.8px;left:24.1582%;width:97px;\">\n\t\t\t<p class=\"g-pstyle0\">Fev\/53<\/p>\n\t\t<\/div>\n\t\t<div id=\"g-ai0-8\" class=\"g-ai2html-settings g-aiAbs\" style=\"top:83.3083%;left:18.0072%;width:81.1321%;\">\n\t\t\t<p>Concess\u00e3o para explora\u00e7\u00e3o comercial por  30 anos das linhas 10  Turquesa, 11 Coral, 12 Safira e 13 Jade da CPTM<\/p>\n\t\t<\/div>\n\t<\/div>\n\n\t<!-- Artboard: tablet -->\n\t<div id=\"g-timeline-tablet\" class=\"g-artboard\" style=\"width:520px; height:896.104651967613px;\" data-aspect-ratio=\"0.58\" data-min-width=\"520\" data-max-width=\"1239\">\n<div style=\"\"><\/div>\n\t\t<img data-recalc-dims=\"1\" decoding=\"async\" id=\"g-timeline-tablet-img\" class=\"g-aiImg\" alt=\"\" src=\"https:\/\/i0.wp.com\/rzkconcessoes.com.br\/desenvolvimento\/wp-content\/themes\/RZKConcessoes\/ai2html\/quem-somos\/ai2html-output\/timeline-tablet.png?ssl=1\"\/>\n\t\t<div id=\"g-ai1-1\" class=\"g-ai2html-settings g-aiAbs g-aiPointText\" style=\"top:13.478%;margin-top:-14.8px;left:15.2156%;width:96px;\">\n\t\t\t<p class=\"g-pstyle0\">Set\/49<\/p>\n\t\t<\/div>\n\t\t<div id=\"g-ai1-2\" class=\"g-ai2html-settings g-aiAbs g-aiPointText\" style=\"top:22.6916%;margin-top:-54.3px;left:11.4542%;width:474px;\">\n\t\t\t<p class=\"g-pstyle1\">Concess\u00e3o para explora\u00e7\u00e3o  comercial por <\/p>\n\t\t\t<p class=\"g-pstyle1\">30 anos de 13 terminais urbanos do Metr\u00f4 de <\/p>\n\t\t\t<p class=\"g-pstyle1\">SP nas linhas Azul (4)  e Vermelha (9). Opera <\/p>\n\t\t\t<p class=\"g-pstyle1\">Pra\u00e7as Unitah e os projetos edific\u00e1veis (7)<\/p>\n\t\t<\/div>\n\t\t<div id=\"g-ai1-3\" class=\"g-ai2html-settings g-aiAbs g-aiPointText\" style=\"top:41.2649%;margin-top:-14.8px;left:15.2156%;width:102px;\">\n\t\t\t<p class=\"g-pstyle0\">Out\/50<\/p>\n\t\t<\/div>\n\t\t<div id=\"g-ai1-4\" class=\"g-ai2html-settings g-aiAbs g-aiPointText\" style=\"top:48.9999%;margin-top:-41.1px;left:11.4542%;width:445px;\">\n\t\t\t<p class=\"g-pstyle1\">Concess\u00e3o para  explora\u00e7\u00e3o comercial por <\/p>\n\t\t\t<p class=\"g-pstyle1\">30 anos das 14 esta\u00e7\u00f5es da linha 2 Verde  <\/p>\n\t\t\t<p class=\"g-pstyle1\">do Metr\u00f4 de SP<\/p>\n\t\t<\/div>\n\t\t<div id=\"g-ai1-5\" class=\"g-ai2html-settings g-aiAbs g-aiPointText\" style=\"top:65.4808%;margin-top:-14.8px;left:14.788%;width:97px;\">\n\t\t\t<p class=\"g-pstyle0\">Fev\/52<\/p>\n\t\t<\/div>\n\t\t<div id=\"g-ai1-6\" class=\"g-ai2html-settings g-aiAbs g-aiPointText\" style=\"top:73.2158%;margin-top:-41.1px;left:11.0263%;width:440px;\">\n\t\t\t<p class=\"g-pstyle1\">Concess\u00e3o para explora\u00e7\u00e3o comercial por <\/p>\n\t\t\t<p class=\"g-pstyle1\">30 anos das 19 esta\u00e7\u00f5es  da linha 1 Azul do <\/p>\n\t\t\t<p class=\"g-pstyle1\">Metr\u00f4 de SP<\/p>\n\t\t<\/div>\n\t\t<div id=\"g-ai1-7\" class=\"g-ai2html-settings g-aiAbs g-aiPointText\" style=\"top:83.2242%;margin-top:-14.8px;left:14.7882%;width:97px;\">\n\t\t\t<p class=\"g-pstyle0\">Fev\/53<\/p>\n\t\t<\/div>\n\t\t<div id=\"g-ai1-8\" class=\"g-ai2html-settings g-aiAbs g-aiPointText\" style=\"top:90.9592%;margin-top:-41.1px;left:11.0265%;width:441px;\">\n\t\t\t<p class=\"g-pstyle1\">Concess\u00e3o para explora\u00e7\u00e3o comercial por  <\/p>\n\t\t\t<p class=\"g-pstyle1\">30 anos das linhas 10  Turquesa, 11 Coral, 12 <\/p>\n\t\t\t<p class=\"g-pstyle1\">Safira e 13 Jade da CPTM<\/p>\n\t\t<\/div>\n\t<\/div>\n\n\t<!-- Artboard: desktop -->\n\t<div id=\"g-timeline-desktop\" class=\"g-artboard\" style=\"width:1240px; height:552.76959851589px;\" data-aspect-ratio=\"2.243\" data-min-width=\"1240\">\n<div style=\"\"><\/div>\n\t\t<img data-recalc-dims=\"1\" decoding=\"async\" id=\"g-timeline-desktop-img\" class=\"g-aiImg\" alt=\"\" src=\"https:\/\/i0.wp.com\/rzkconcessoes.com.br\/desenvolvimento\/wp-content\/themes\/RZKConcessoes\/ai2html\/quem-somos\/ai2html-output\/timeline-desktop.png?ssl=1\"\/>\n\t\t<div id=\"g-ai2-1\" class=\"g-ai2html-settings g-aiAbs g-aiPointText\" style=\"top:29.9902%;margin-top:-14.8px;left:4.0092%;width:96px;\">\n\t\t\t<p class=\"g-pstyle0\">Set\/49<\/p>\n\t\t<\/div>\n\t\t<div id=\"g-ai2-2\" class=\"g-ai2html-settings g-aiAbs g-aiPointText\" style=\"top:29.9902%;margin-top:-14.8px;left:32.87%;width:102px;\">\n\t\t\t<p class=\"g-pstyle0\">Out\/50<\/p>\n\t\t<\/div>\n\t\t<div id=\"g-ai2-3\" class=\"g-ai2html-settings g-aiAbs g-aiPointText\" style=\"top:29.9902%;margin-top:-14.8px;left:64.1524%;width:97px;\">\n\t\t\t<p class=\"g-pstyle0\">Fev\/52<\/p>\n\t\t<\/div>\n\t\t<div id=\"g-ai2-4\" class=\"g-ai2html-settings g-aiAbs g-aiPointText\" style=\"top:29.9902%;margin-top:-14.8px;left:86.3737%;width:97px;\">\n\t\t\t<p class=\"g-pstyle0\">Fev\/53<\/p>\n\t\t<\/div>\n\t\t<div id=\"g-ai2-5\" class=\"g-ai2html-settings g-aiAbs g-aiPointText\" style=\"top:64.1026%;margin-top:-160.3px;left:2.4319%;width:210px;\">\n\t\t\t<p class=\"g-pstyle1\">Concess\u00e3o para <\/p>\n\t\t\t<p class=\"g-pstyle1\">explora\u00e7\u00e3o <\/p>\n\t\t\t<p class=\"g-pstyle1\">comercial por 30 <\/p>\n\t\t\t<p class=\"g-pstyle1\">anos de 13 <\/p>\n\t\t\t<p class=\"g-pstyle1\">terminais urbanos <\/p>\n\t\t\t<p class=\"g-pstyle1\">do Metr\u00f4 de SP <\/p>\n\t\t\t<p class=\"g-pstyle1\">nas linhas Azul (4) <\/p>\n\t\t\t<p class=\"g-pstyle1\">e Vermelha (9). <\/p>\n\t\t\t<p class=\"g-pstyle1\">Opera Pra\u00e7as <\/p>\n\t\t\t<p class=\"g-pstyle1\">Unitah e os <\/p>\n\t\t\t<p class=\"g-pstyle1\">projetos <\/p>\n\t\t\t<p class=\"g-pstyle1\">edific\u00e1veis (7)<\/p>\n\t\t<\/div>\n\t\t<div id=\"g-ai2-6\" class=\"g-ai2html-settings g-aiAbs g-aiPointText\" style=\"top:52.1176%;margin-top:-94.1px;left:31.2925%;width:188px;\">\n\t\t\t<p class=\"g-pstyle1\">Concess\u00e3o para <\/p>\n\t\t\t<p class=\"g-pstyle1\">explora\u00e7\u00e3o <\/p>\n\t\t\t<p class=\"g-pstyle1\">comercial por <\/p>\n\t\t\t<p class=\"g-pstyle1\">30 anos das 14 <\/p>\n\t\t\t<p class=\"g-pstyle1\">esta\u00e7\u00f5es <\/p>\n\t\t\t<p class=\"g-pstyle1\">da linha 2 Verde <\/p>\n\t\t\t<p class=\"g-pstyle1\">do Metr\u00f4 de SP<\/p>\n\t\t<\/div>\n\t\t<div id=\"g-ai2-7\" class=\"g-ai2html-settings g-aiAbs g-aiPointText\" style=\"top:52.1176%;margin-top:-94.1px;left:62.575%;width:182px;\">\n\t\t\t<p class=\"g-pstyle1\">Concess\u00e3o para <\/p>\n\t\t\t<p class=\"g-pstyle1\">explora\u00e7\u00e3o <\/p>\n\t\t\t<p class=\"g-pstyle1\">comercial por <\/p>\n\t\t\t<p class=\"g-pstyle1\">30 anos das 19 <\/p>\n\t\t\t<p class=\"g-pstyle1\">esta\u00e7\u00f5es <\/p>\n\t\t\t<p class=\"g-pstyle1\">da linha 1 Azul <\/p>\n\t\t\t<p class=\"g-pstyle1\">do Metr\u00f4 de SP<\/p>\n\t\t<\/div>\n\t\t<div id=\"g-ai2-8\" class=\"g-ai2html-settings g-aiAbs g-aiPointText\" style=\"top:56.9116%;margin-top:-120.6px;left:84.7962%;width:182px;\">\n\t\t\t<p class=\"g-pstyle1\">Concess\u00e3o para <\/p>\n\t\t\t<p class=\"g-pstyle1\">explora\u00e7\u00e3o <\/p>\n\t\t\t<p class=\"g-pstyle1\">comercial por <\/p>\n\t\t\t<p class=\"g-pstyle1\">30 anos das <\/p>\n\t\t\t<p class=\"g-pstyle1\">linhas 10 <\/p>\n\t\t\t<p class=\"g-pstyle1\">Turquesa, 11 <\/p>\n\t\t\t<p class=\"g-pstyle1\">Coral, 12 Safira e <\/p>\n\t\t\t<p class=\"g-pstyle1\">13 Jade da <\/p>\n\t\t\t<p class=\"g-pstyle1\">CPTM<\/p>\n\t\t<\/div>\n\t<\/div>\n\n<\/div>\n\n<!-- End ai2html - 2024-10-14 14:15 -->\n\n\n\n\n<h2 class=\"rzk-title-h2 wp-block-heading\">Grupo RZK<\/h2>\n\n\n\n<p class=\"\">Fundado pelo empres\u00e1rio Jos\u00e9 Ricardo Rezek, h\u00e1 quase cinco d\u00e9cadas, o <a href=\"https:\/\/gruporzk.com.br\/\" target=\"_blank\" rel=\"noreferrer noopener\">Grupo RZK<\/a> possui a tradi\u00e7\u00e3o, a inova\u00e7\u00e3o e o profissionalismo como valores fundamentais da sua trajet\u00f3ria de sucesso. Por meio de suas empresas, RZK Agr\u00edcola, RZK Agro, RZK Concess\u00f5es, RZK Digital, RZK Empreendimentos, RZK Energia, RZK Rental e Sol By RZK, a Holding est\u00e1 em 20 estados. \u2013 O <a href=\"https:\/\/gruporzk.com.br\/\" target=\"_blank\" rel=\"noreferrer noopener\">Grupo RZK<\/a> tem um crescimento constante e consolidado, performando em todas as suas atividades e destacando-se como uma refer\u00eancia nos mercados em que atua.<\/p>\n\n\n\n<p class=\"\">O <a href=\"https:\/\/gruporzk.com.br\/\" target=\"_blank\" rel=\"noreferrer noopener\">Grupo RZK<\/a> promove o desenvolvimento sustent\u00e1vel nos locais em que atua e mant\u00e9m uma boa rela\u00e7\u00e3o com os setores-chave da economia, trabalhando com o prop\u00f3sito de contribuir com o desenvolvimento do Brasil e com a evolu\u00e7\u00e3o de \u00e1reas como agroneg\u00f3cio, pecu\u00e1ria, energia, concess\u00f5es, m\u00eddia e telecomunica\u00e7\u00f5es.<\/p>\n\n\n\n<p class=\"\">Sempre em evolu\u00e7\u00e3o, o Grupo busca constantemente novas ideias de neg\u00f3cios para construir o futuro junto com o mercado. Com solu\u00e7\u00f5es de alta qualidade em todas as empresas, levam transforma\u00e7\u00f5es inovadoras que revolucionam o mercado e impactam positivamente a vida de milh\u00f5es de brasileiros, transformando neg\u00f3cios e agregando valor ao conjunto da sociedade.<\/p>\n\n\n\n<div class=\"rzk-saiba-mais wp-block-buttons is-layout-flex wp-block-buttons-is-layout-flex\">\n<div class=\"wp-block-button\"><a class=\"wp-block-button__link wp-element-button\" href=\"https:\/\/gruporzk.com.br\/\" target=\"_blank\" rel=\"noreferrer noopener\">Saiba mais<\/a><\/div>\n<\/div>\n\n\n\n<p class=\"rzk-banner\"><strong>Grupo RZK.<\/strong> Cinco d\u00e9cadas de tradi\u00e7\u00e3o, inova\u00e7\u00e3o e profissionalismo<\/p>\n","protected":false},"excerpt":{"rendered":"<p>A RZK Concess\u00f5es, tem como objetivo dinamizar, simplificar e melhorar a qualidade de servi\u00e7os p\u00fablicos, proporcionando mais bem-estar aos usu\u00e1rios e economia financeira aos cofres p\u00fablicos, por meio de uma gest\u00e3o eficiente dos recursos. Entre seus principais projetos est\u00e1 a Pra\u00e7a Unitah, que det\u00e9m a concess\u00e3o da loca\u00e7\u00e3o de espa\u00e7os comerciais em terminais urbanos ligados [&hellip;]<\/p>\n","protected":false},"author":1,"featured_media":0,"parent":0,"menu_order":0,"comment_status":"closed","ping_status":"closed","template":"","meta":{"nf_dc_page":"","_monsterinsights_skip_tracking":false,"_monsterinsights_sitenote_active":false,"_monsterinsights_sitenote_note":"","_monsterinsights_sitenote_category":0,"footnotes":""},"class_list":["post-34","page","type-page","status-publish","hentry"],"yoast_head":"<!-- This site is optimized with the Yoast SEO plugin v27.4 - https:\/\/yoast.com\/product\/yoast-seo-wordpress\/ -->\n<title>Quem somos - RZK Concess\u00f5es<\/title>\n<meta name=\"robots\" content=\"index, follow, max-snippet:-1, max-image-preview:large, max-video-preview:-1\" \/>\n<link rel=\"canonical\" href=\"https:\/\/rzkconcessoes.com.br\/desenvolvimento\/quem-somos\/\" \/>\n<meta property=\"og:locale\" content=\"pt_BR\" \/>\n<meta property=\"og:type\" content=\"article\" \/>\n<meta property=\"og:title\" content=\"Quem somos - RZK Concess\u00f5es\" \/>\n<meta property=\"og:description\" content=\"A RZK Concess\u00f5es, tem como objetivo dinamizar, simplificar e melhorar a qualidade de servi\u00e7os p\u00fablicos, proporcionando mais bem-estar aos usu\u00e1rios e economia financeira aos cofres p\u00fablicos, por meio de uma gest\u00e3o eficiente dos recursos. Entre seus principais projetos est\u00e1 a Pra\u00e7a Unitah, que det\u00e9m a concess\u00e3o da loca\u00e7\u00e3o de espa\u00e7os comerciais em terminais urbanos ligados [&hellip;]\" \/>\n<meta property=\"og:url\" content=\"https:\/\/rzkconcessoes.com.br\/desenvolvimento\/quem-somos\/\" \/>\n<meta property=\"og:site_name\" content=\"RZK Concess\u00f5es\" \/>\n<meta property=\"article:modified_time\" content=\"2024-11-06T12:51:16+00:00\" \/>\n<meta name=\"twitter:card\" content=\"summary_large_image\" \/>\n<meta name=\"twitter:label1\" content=\"Est. tempo de leitura\" \/>\n\t<meta name=\"twitter:data1\" content=\"2 minutos\" \/>\n<script type=\"application\/ld+json\" class=\"yoast-schema-graph\">{\"@context\":\"https:\\\/\\\/schema.org\",\"@graph\":[{\"@type\":\"WebPage\",\"@id\":\"https:\\\/\\\/rzkconcessoes.com.br\\\/desenvolvimento\\\/quem-somos\\\/\",\"url\":\"https:\\\/\\\/rzkconcessoes.com.br\\\/desenvolvimento\\\/quem-somos\\\/\",\"name\":\"Quem somos - RZK Concess\u00f5es\",\"isPartOf\":{\"@id\":\"https:\\\/\\\/rzkconcessoes.com.br\\\/desenvolvimento\\\/#website\"},\"datePublished\":\"2024-11-03T11:31:39+00:00\",\"dateModified\":\"2024-11-06T12:51:16+00:00\",\"breadcrumb\":{\"@id\":\"https:\\\/\\\/rzkconcessoes.com.br\\\/desenvolvimento\\\/quem-somos\\\/#breadcrumb\"},\"inLanguage\":\"pt-BR\",\"potentialAction\":[{\"@type\":\"ReadAction\",\"target\":[\"https:\\\/\\\/rzkconcessoes.com.br\\\/desenvolvimento\\\/quem-somos\\\/\"]}]},{\"@type\":\"BreadcrumbList\",\"@id\":\"https:\\\/\\\/rzkconcessoes.com.br\\\/desenvolvimento\\\/quem-somos\\\/#breadcrumb\",\"itemListElement\":[{\"@type\":\"ListItem\",\"position\":1,\"name\":\"Home\",\"item\":\"https:\\\/\\\/rzkconcessoes.com.br\\\/desenvolvimento\\\/\"},{\"@type\":\"ListItem\",\"position\":2,\"name\":\"Quem somos\"}]},{\"@type\":\"WebSite\",\"@id\":\"https:\\\/\\\/rzkconcessoes.com.br\\\/desenvolvimento\\\/#website\",\"url\":\"https:\\\/\\\/rzkconcessoes.com.br\\\/desenvolvimento\\\/\",\"name\":\"RZK Concess\u00f5es\",\"description\":\"Espa\u00e7os comerciais em locais estrat\u00e9gicos nos terminais urbanos do Metr\u00f4 de S\u00e3o Paulo e da CPTM\",\"potentialAction\":[{\"@type\":\"SearchAction\",\"target\":{\"@type\":\"EntryPoint\",\"urlTemplate\":\"https:\\\/\\\/rzkconcessoes.com.br\\\/desenvolvimento\\\/?s={search_term_string}\"},\"query-input\":{\"@type\":\"PropertyValueSpecification\",\"valueRequired\":true,\"valueName\":\"search_term_string\"}}],\"inLanguage\":\"pt-BR\"}]}<\/script>\n<!-- \/ Yoast SEO plugin. -->","yoast_head_json":{"title":"Quem somos - RZK Concess\u00f5es","robots":{"index":"index","follow":"follow","max-snippet":"max-snippet:-1","max-image-preview":"max-image-preview:large","max-video-preview":"max-video-preview:-1"},"canonical":"https:\/\/rzkconcessoes.com.br\/desenvolvimento\/quem-somos\/","og_locale":"pt_BR","og_type":"article","og_title":"Quem somos - RZK Concess\u00f5es","og_description":"A RZK Concess\u00f5es, tem como objetivo dinamizar, simplificar e melhorar a qualidade de servi\u00e7os p\u00fablicos, proporcionando mais bem-estar aos usu\u00e1rios e economia financeira aos cofres p\u00fablicos, por meio de uma gest\u00e3o eficiente dos recursos. Entre seus principais projetos est\u00e1 a Pra\u00e7a Unitah, que det\u00e9m a concess\u00e3o da loca\u00e7\u00e3o de espa\u00e7os comerciais em terminais urbanos ligados [&hellip;]","og_url":"https:\/\/rzkconcessoes.com.br\/desenvolvimento\/quem-somos\/","og_site_name":"RZK Concess\u00f5es","article_modified_time":"2024-11-06T12:51:16+00:00","twitter_card":"summary_large_image","twitter_misc":{"Est. tempo de leitura":"2 minutos"},"schema":{"@context":"https:\/\/schema.org","@graph":[{"@type":"WebPage","@id":"https:\/\/rzkconcessoes.com.br\/desenvolvimento\/quem-somos\/","url":"https:\/\/rzkconcessoes.com.br\/desenvolvimento\/quem-somos\/","name":"Quem somos - RZK Concess\u00f5es","isPartOf":{"@id":"https:\/\/rzkconcessoes.com.br\/desenvolvimento\/#website"},"datePublished":"2024-11-03T11:31:39+00:00","dateModified":"2024-11-06T12:51:16+00:00","breadcrumb":{"@id":"https:\/\/rzkconcessoes.com.br\/desenvolvimento\/quem-somos\/#breadcrumb"},"inLanguage":"pt-BR","potentialAction":[{"@type":"ReadAction","target":["https:\/\/rzkconcessoes.com.br\/desenvolvimento\/quem-somos\/"]}]},{"@type":"BreadcrumbList","@id":"https:\/\/rzkconcessoes.com.br\/desenvolvimento\/quem-somos\/#breadcrumb","itemListElement":[{"@type":"ListItem","position":1,"name":"Home","item":"https:\/\/rzkconcessoes.com.br\/desenvolvimento\/"},{"@type":"ListItem","position":2,"name":"Quem somos"}]},{"@type":"WebSite","@id":"https:\/\/rzkconcessoes.com.br\/desenvolvimento\/#website","url":"https:\/\/rzkconcessoes.com.br\/desenvolvimento\/","name":"RZK Concess\u00f5es","description":"Espa\u00e7os comerciais em locais estrat\u00e9gicos nos terminais urbanos do Metr\u00f4 de S\u00e3o Paulo e da CPTM","potentialAction":[{"@type":"SearchAction","target":{"@type":"EntryPoint","urlTemplate":"https:\/\/rzkconcessoes.com.br\/desenvolvimento\/?s={search_term_string}"},"query-input":{"@type":"PropertyValueSpecification","valueRequired":true,"valueName":"search_term_string"}}],"inLanguage":"pt-BR"}]}},"jetpack_sharing_enabled":true,"_links":{"self":[{"href":"https:\/\/rzkconcessoes.com.br\/desenvolvimento\/wp-json\/wp\/v2\/pages\/34","targetHints":{"allow":["GET"]}}],"collection":[{"href":"https:\/\/rzkconcessoes.com.br\/desenvolvimento\/wp-json\/wp\/v2\/pages"}],"about":[{"href":"https:\/\/rzkconcessoes.com.br\/desenvolvimento\/wp-json\/wp\/v2\/types\/page"}],"author":[{"embeddable":true,"href":"https:\/\/rzkconcessoes.com.br\/desenvolvimento\/wp-json\/wp\/v2\/users\/1"}],"replies":[{"embeddable":true,"href":"https:\/\/rzkconcessoes.com.br\/desenvolvimento\/wp-json\/wp\/v2\/comments?post=34"}],"version-history":[{"count":3,"href":"https:\/\/rzkconcessoes.com.br\/desenvolvimento\/wp-json\/wp\/v2\/pages\/34\/revisions"}],"predecessor-version":[{"id":59,"href":"https:\/\/rzkconcessoes.com.br\/desenvolvimento\/wp-json\/wp\/v2\/pages\/34\/revisions\/59"}],"wp:attachment":[{"href":"https:\/\/rzkconcessoes.com.br\/desenvolvimento\/wp-json\/wp\/v2\/media?parent=34"}],"curies":[{"name":"wp","href":"https:\/\/api.w.org\/{rel}","templated":true}]}}